{"id":3541,"date":"2019-08-16T12:02:55","date_gmt":"2019-08-16T09:02:55","guid":{"rendered":"https:\/\/cargocounty.com\/?page_id=3541"},"modified":"2022-12-25T23:05:43","modified_gmt":"2022-12-25T20:05:43","slug":"proprietaires-exploitants","status":"publish","type":"page","link":"https:\/\/cargocounty.com\/fr\/proprietaires-exploitants\/","title":{"rendered":"Propri\u00e9taires-exploitants"},"content":{"rendered":"\t\t<div data-elementor-type=\"wp-page\" data-elementor-id=\"3541\" class=\"elementor elementor-3541 elementor-416\">\n\t\t\t\t\t\t<section class=\"elementor-section elementor-top-section elementor-element elementor-element-437ed1c0 elementor-section-height-min-height elementor-hidden-desktop elementor-hidden-tablet elementor-hidden-phone elementor-section-boxed elementor-section-height-default elementor-section-items-middle\" data-id=\"437ed1c0\" data-element_type=\"section\" data-settings=\"{&quot;background_background&quot;:&quot;classic&quot;}\">\n\t\t\t\t\t\t<div class=\"elementor-container elementor-column-gap-default\">\n\t\t\t\t\t<div class=\"elementor-column elementor-col-100 elementor-top-column elementor-element elementor-element-527f9df0\" data-id=\"527f9df0\" data-element_type=\"column\">\n\t\t\t<div class=\"elementor-widget-wrap\">\n\t\t\t\t\t\t\t<\/div>\n\t\t<\/div>\n\t\t\t\t\t<\/div>\n\t\t<\/section>\n\t\t\t\t<section class=\"elementor-section elementor-top-section elementor-element elementor-element-52660057 elementor-section-full_width elementor-section-height-default elementor-section-height-default\" data-id=\"52660057\" data-element_type=\"section\" data-settings=\"{&quot;background_background&quot;:&quot;classic&quot;}\">\n\t\t\t\t\t\t<div class=\"elementor-container elementor-column-gap-default\">\n\t\t\t\t\t<div class=\"elementor-column elementor-col-100 elementor-top-column elementor-element elementor-element-3dae7560\" data-id=\"3dae7560\" data-element_type=\"column\">\n\t\t\t<div class=\"elementor-widget-wrap elementor-element-populated\">\n\t\t\t\t\t\t<section class=\"elementor-section elementor-inner-section elementor-element elementor-element-1644e32a elementor-section-boxed elementor-section-height-default elementor-section-height-default\" data-id=\"1644e32a\" data-element_type=\"section\">\n\t\t\t\t\t\t<div class=\"elementor-container elementor-column-gap-default\">\n\t\t\t\t\t<div class=\"elementor-column elementor-col-50 elementor-inner-column elementor-element elementor-element-6cc12dee\" data-id=\"6cc12dee\" data-element_type=\"column\">\n\t\t\t<div class=\"elementor-widget-wrap elementor-element-populated\">\n\t\t\t\t\t\t<div class=\"elementor-element elementor-element-22489db8 elementor-widget elementor-widget-heading\" data-id=\"22489db8\" data-element_type=\"widget\" data-widget_type=\"heading.default\">\n\t\t\t\t<div class=\"elementor-widget-container\">\n\t\t\t\t\t<h5 class=\"elementor-heading-title elementor-size-default\">Contactez nos RH<\/h5>\t\t\t\t<\/div>\n\t\t\t\t<\/div>\n\t\t\t\t<div class=\"elementor-element elementor-element-af1d921 elementor-widget-divider--view-line elementor-widget elementor-widget-divider\" data-id=\"af1d921\" data-element_type=\"widget\" data-widget_type=\"divider.default\">\n\t\t\t\t<div class=\"elementor-widget-container\">\n\t\t\t\t\t\t\t<div class=\"elementor-divider\">\n\t\t\t<span class=\"elementor-divider-separator\">\n\t\t\t\t\t\t<\/span>\n\t\t<\/div>\n\t\t\t\t\t\t<\/div>\n\t\t\t\t<\/div>\n\t\t\t\t<div class=\"elementor-element elementor-element-20d1e0ba elementor-widget elementor-widget-text-editor\" data-id=\"20d1e0ba\" data-element_type=\"widget\" data-widget_type=\"text-editor.default\">\n\t\t\t\t<div class=\"elementor-widget-container\">\n\t\t\t\t\t\t\t\t\t<p>Vous n\u2019avez pas trouv\u00e9 de poste vacant appropri\u00e9, mais vous souhaitez travailler avec nous, envoyez votre CV ici.  <\/p>\n\t\t\t\t\t\t\t\t<\/div>\n\t\t\t\t<\/div>\n\t\t\t\t\t<\/div>\n\t\t<\/div>\n\t\t\t\t<div class=\"elementor-column elementor-col-50 elementor-inner-column elementor-element elementor-element-1bc1ab7b\" data-id=\"1bc1ab7b\" data-element_type=\"column\">\n\t\t\t<div class=\"elementor-widget-wrap elementor-element-populated\">\n\t\t\t\t\t\t<div class=\"elementor-element elementor-element-3ccb83af elementor-widget elementor-widget-shortcode\" data-id=\"3ccb83af\" data-element_type=\"widget\" data-widget_type=\"shortcode.default\">\n\t\t\t\t<div class=\"elementor-widget-container\">\n\t\t\t\t\t\t\t<div class=\"elementor-shortcode\">\n<div class=\"wpcf7 no-js\" id=\"wpcf7-f3610-o1\" lang=\"fr-FR\" dir=\"ltr\" data-wpcf7-id=\"3610\">\n<div class=\"screen-reader-response\"><p role=\"status\" aria-live=\"polite\" aria-atomic=\"true\"><\/p> <ul><\/ul><\/div>\n<form action=\"\/fr\/wp-json\/wp\/v2\/pages\/3541#wpcf7-f3610-o1\" method=\"post\" class=\"wpcf7-form init\" aria-label=\"Formulaire de contact\" enctype=\"multipart\/form-data\" novalidate=\"novalidate\" data-status=\"init\">\n<fieldset class=\"hidden-fields-container\"><input type=\"hidden\" name=\"_wpcf7\" value=\"3610\" \/><input type=\"hidden\" name=\"_wpcf7_version\" value=\"6.1.2\" \/><input type=\"hidden\" name=\"_wpcf7_locale\" value=\"fr_FR\" \/><input type=\"hidden\" name=\"_wpcf7_unit_tag\" value=\"wpcf7-f3610-o1\" \/><input type=\"hidden\" name=\"_wpcf7_container_post\" value=\"0\" \/><input type=\"hidden\" name=\"_wpcf7_posted_data_hash\" value=\"\" \/><input type=\"hidden\" name=\"_wpcf7_recaptcha_response\" value=\"\" \/>\n<\/fieldset>\n<p><label> T\u00e9l\u00e9chargez votre CV PDF ou doc. maximum 5 Mo<br \/>\n<span class=\"wpcf7-form-control-wrap\" data-name=\"file-160\"><input size=\"40\" class=\"wpcf7-form-control wpcf7-file wpcf7-validates-as-required\" accept=\".pdf,.doc\" aria-required=\"true\" aria-invalid=\"false\" type=\"file\" name=\"file-160\" \/><\/span> <\/label>\n<\/p>\n<p><a class=\"wpcf7-submit btn btn-full-width\"><input class=\"wpcf7-form-control wpcf7-submit has-spinner\" type=\"submit\" value=\"Envoyer\" \/>ENVOYER<\/a>\n<\/p><input type='hidden' class='wpcf7-pum' value='{\"closepopup\":false,\"closedelay\":0,\"openpopup\":false,\"openpopup_id\":0}' \/><div class=\"wpcf7-response-output\" aria-hidden=\"true\"><\/div>\n<\/form>\n<\/div>\n<\/div>\n\t\t\t\t\t\t<\/div>\n\t\t\t\t<\/div>\n\t\t\t\t\t<\/div>\n\t\t<\/div>\n\t\t\t\t\t<\/div>\n\t\t<\/section>\n\t\t\t\t\t<\/div>\n\t\t<\/div>\n\t\t\t\t\t<\/div>\n\t\t<\/section>\n\t\t\t\t<\/div>\n\t\t","protected":false},"excerpt":{"rendered":"<p>Contactez nos RH Vous n\u2019avez pas trouv\u00e9 de poste vacant appropri\u00e9, mais vous souhaitez travailler avec nous, envoyez votre CV ici.<\/p>\n","protected":false},"author":11,"featured_media":0,"parent":0,"menu_order":8,"comment_status":"closed","ping_status":"closed","template":"elementor_header_footer","meta":{"_acf_changed":false,"footnotes":""},"class_list":["post-3541","page","type-page","status-publish","hentry"],"acf":[],"yoast_head":"<!-- This site is optimized with the Yoast SEO plugin v26.1.1 - https:\/\/yoast.com\/wordpress\/plugins\/seo\/ -->\n<title>Propri\u00e9taire exploitant Canada | Logistique tierce | Comt\u00e9 de Cargo<\/title>\n<meta name=\"description\" content=\"Vous cherchez \u00e0 d\u00e9marrer une entreprise de camionnage en tant que propri\u00e9taire-exploitant au Canada? Cargo County est l\u2019endroit o\u00f9 aller, appelez aujourd\u2019hui pour plus d\u2019informations au 1-888-673-9601\" \/>\n<meta name=\"robots\" content=\"index, follow, max-snippet:-1, max-image-preview:large, max-video-preview:-1\" \/>\n<link rel=\"canonical\" href=\"https:\/\/cargocounty.com\/fr\/proprietaires-exploitants\/\" \/>\n<meta property=\"og:locale\" content=\"fr_FR\" \/>\n<meta property=\"og:type\" content=\"article\" \/>\n<meta property=\"og:title\" content=\"Propri\u00e9taire exploitant Canada | Logistique tierce | Comt\u00e9 de Cargo\" \/>\n<meta property=\"og:description\" content=\"Vous cherchez \u00e0 d\u00e9marrer une entreprise de camionnage en tant que propri\u00e9taire-exploitant au Canada? Cargo County est l\u2019endroit o\u00f9 aller, appelez aujourd\u2019hui pour plus d\u2019informations au 1-888-673-9601\" \/>\n<meta property=\"og:url\" content=\"https:\/\/cargocounty.com\/fr\/proprietaires-exploitants\/\" \/>\n<meta property=\"og:site_name\" content=\"Cargo County\" \/>\n<meta property=\"article:modified_time\" content=\"2022-12-25T20:05:43+00:00\" \/>\n<meta name=\"twitter:card\" content=\"summary_large_image\" \/>\n<script type=\"application\/ld+json\" class=\"yoast-schema-graph\">{\"@context\":\"https:\/\/schema.org\",\"@graph\":[{\"@type\":\"WebPage\",\"@id\":\"https:\/\/cargocounty.com\/fr\/proprietaires-exploitants\/\",\"url\":\"https:\/\/cargocounty.com\/fr\/proprietaires-exploitants\/\",\"name\":\"Propri\u00e9taire exploitant Canada | Logistique tierce | Comt\u00e9 de Cargo\",\"isPartOf\":{\"@id\":\"https:\/\/cargocounty.com\/fr\/#website\"},\"datePublished\":\"2019-08-16T09:02:55+00:00\",\"dateModified\":\"2022-12-25T20:05:43+00:00\",\"description\":\"Vous cherchez \u00e0 d\u00e9marrer une entreprise de camionnage en tant que propri\u00e9taire-exploitant au Canada? Cargo County est l\u2019endroit o\u00f9 aller, appelez aujourd\u2019hui pour plus d\u2019informations au 1-888-673-9601\",\"breadcrumb\":{\"@id\":\"https:\/\/cargocounty.com\/fr\/proprietaires-exploitants\/#breadcrumb\"},\"inLanguage\":\"fr-FR\",\"potentialAction\":[{\"@type\":\"ReadAction\",\"target\":[\"https:\/\/cargocounty.com\/fr\/proprietaires-exploitants\/\"]}]},{\"@type\":\"BreadcrumbList\",\"@id\":\"https:\/\/cargocounty.com\/fr\/proprietaires-exploitants\/#breadcrumb\",\"itemListElement\":[{\"@type\":\"ListItem\",\"position\":1,\"name\":\"Home\",\"item\":\"https:\/\/cargocounty.com\/fr\/accueil\/\"},{\"@type\":\"ListItem\",\"position\":2,\"name\":\"Propri\u00e9taires-exploitants\"}]},{\"@type\":\"WebSite\",\"@id\":\"https:\/\/cargocounty.com\/fr\/#website\",\"url\":\"https:\/\/cargocounty.com\/fr\/\",\"name\":\"Cargo County\",\"description\":\"Transport puissant et meilleure solution logistique. N'utilisez que des services de la plus haute qualit\u00e9 qui vous faciliteront la vie\",\"potentialAction\":[{\"@type\":\"SearchAction\",\"target\":{\"@type\":\"EntryPoint\",\"urlTemplate\":\"https:\/\/cargocounty.com\/fr\/?s={search_term_string}\"},\"query-input\":{\"@type\":\"PropertyValueSpecification\",\"valueRequired\":true,\"valueName\":\"search_term_string\"}}],\"inLanguage\":\"fr-FR\"}]}<\/script>\n<!-- \/ Yoast SEO plugin. -->","yoast_head_json":{"title":"Propri\u00e9taire exploitant Canada | Logistique tierce | Comt\u00e9 de Cargo","description":"Vous cherchez \u00e0 d\u00e9marrer une entreprise de camionnage en tant que propri\u00e9taire-exploitant au Canada? Cargo County est l\u2019endroit o\u00f9 aller, appelez aujourd\u2019hui pour plus d\u2019informations au 1-888-673-9601","robots":{"index":"index","follow":"follow","max-snippet":"max-snippet:-1","max-image-preview":"max-image-preview:large","max-video-preview":"max-video-preview:-1"},"canonical":"https:\/\/cargocounty.com\/fr\/proprietaires-exploitants\/","og_locale":"fr_FR","og_type":"article","og_title":"Propri\u00e9taire exploitant Canada | Logistique tierce | Comt\u00e9 de Cargo","og_description":"Vous cherchez \u00e0 d\u00e9marrer une entreprise de camionnage en tant que propri\u00e9taire-exploitant au Canada? Cargo County est l\u2019endroit o\u00f9 aller, appelez aujourd\u2019hui pour plus d\u2019informations au 1-888-673-9601","og_url":"https:\/\/cargocounty.com\/fr\/proprietaires-exploitants\/","og_site_name":"Cargo County","article_modified_time":"2022-12-25T20:05:43+00:00","twitter_card":"summary_large_image","schema":{"@context":"https:\/\/schema.org","@graph":[{"@type":"WebPage","@id":"https:\/\/cargocounty.com\/fr\/proprietaires-exploitants\/","url":"https:\/\/cargocounty.com\/fr\/proprietaires-exploitants\/","name":"Propri\u00e9taire exploitant Canada | Logistique tierce | Comt\u00e9 de Cargo","isPartOf":{"@id":"https:\/\/cargocounty.com\/fr\/#website"},"datePublished":"2019-08-16T09:02:55+00:00","dateModified":"2022-12-25T20:05:43+00:00","description":"Vous cherchez \u00e0 d\u00e9marrer une entreprise de camionnage en tant que propri\u00e9taire-exploitant au Canada? Cargo County est l\u2019endroit o\u00f9 aller, appelez aujourd\u2019hui pour plus d\u2019informations au 1-888-673-9601","breadcrumb":{"@id":"https:\/\/cargocounty.com\/fr\/proprietaires-exploitants\/#breadcrumb"},"inLanguage":"fr-FR","potentialAction":[{"@type":"ReadAction","target":["https:\/\/cargocounty.com\/fr\/proprietaires-exploitants\/"]}]},{"@type":"BreadcrumbList","@id":"https:\/\/cargocounty.com\/fr\/proprietaires-exploitants\/#breadcrumb","itemListElement":[{"@type":"ListItem","position":1,"name":"Home","item":"https:\/\/cargocounty.com\/fr\/accueil\/"},{"@type":"ListItem","position":2,"name":"Propri\u00e9taires-exploitants"}]},{"@type":"WebSite","@id":"https:\/\/cargocounty.com\/fr\/#website","url":"https:\/\/cargocounty.com\/fr\/","name":"Cargo County","description":"Transport puissant et meilleure solution logistique. N'utilisez que des services de la plus haute qualit\u00e9 qui vous faciliteront la vie","potentialAction":[{"@type":"SearchAction","target":{"@type":"EntryPoint","urlTemplate":"https:\/\/cargocounty.com\/fr\/?s={search_term_string}"},"query-input":{"@type":"PropertyValueSpecification","valueRequired":true,"valueName":"search_term_string"}}],"inLanguage":"fr-FR"}]}},"_links":{"self":[{"href":"https:\/\/cargocounty.com\/fr\/wp-json\/wp\/v2\/pages\/3541","targetHints":{"allow":["GET"]}}],"collection":[{"href":"https:\/\/cargocounty.com\/fr\/wp-json\/wp\/v2\/pages"}],"about":[{"href":"https:\/\/cargocounty.com\/fr\/wp-json\/wp\/v2\/types\/page"}],"author":[{"embeddable":true,"href":"https:\/\/cargocounty.com\/fr\/wp-json\/wp\/v2\/users\/11"}],"replies":[{"embeddable":true,"href":"https:\/\/cargocounty.com\/fr\/wp-json\/wp\/v2\/comments?post=3541"}],"version-history":[{"count":1,"href":"https:\/\/cargocounty.com\/fr\/wp-json\/wp\/v2\/pages\/3541\/revisions"}],"predecessor-version":[{"id":3542,"href":"https:\/\/cargocounty.com\/fr\/wp-json\/wp\/v2\/pages\/3541\/revisions\/3542"}],"wp:attachment":[{"href":"https:\/\/cargocounty.com\/fr\/wp-json\/wp\/v2\/media?parent=3541"}],"curies":[{"name":"wp","href":"https:\/\/api.w.org\/{rel}","templated":true}]}}