{"id":3595,"date":"2019-08-16T11:49:51","date_gmt":"2019-08-16T08:49:51","guid":{"rendered":"https:\/\/cargocounty.com\/?page_id=3595"},"modified":"2022-12-25T23:10:30","modified_gmt":"2022-12-25T20:10:30","slug":"terminos-y-condiciones","status":"publish","type":"page","link":"https:\/\/cargocounty.com\/es\/terminos-y-condiciones\/","title":{"rendered":"T\u00e9rminos y Condiciones"},"content":{"rendered":"","protected":false},"excerpt":{"rendered":"","protected":false},"author":11,"featured_media":0,"parent":0,"menu_order":17,"comment_status":"closed","ping_status":"closed","template":"","meta":{"_acf_changed":false,"footnotes":""},"class_list":["post-3595","page","type-page","status-publish","hentry"],"acf":[],"yoast_head":"<!-- This site is optimized with the Yoast SEO plugin v26.1.1 - https:\/\/yoast.com\/wordpress\/plugins\/seo\/ -->\n<title>T\u00e9rminos y Condiciones | Log\u00edstica de terceros | Grupo del Condado de Cargo<\/title>\n<meta name=\"description\" content=\"Haga clic aqu\u00ed para leer los t\u00e9rminos y condiciones de Cargo County Group. O llame aqu\u00ed al 1-888-673-9601 para hablar con uno de nuestros representantes.\" \/>\n<meta name=\"robots\" content=\"index, follow, max-snippet:-1, max-image-preview:large, max-video-preview:-1\" \/>\n<link rel=\"canonical\" href=\"https:\/\/cargocounty.com\/es\/terminos-y-condiciones\/\" \/>\n<meta property=\"og:locale\" content=\"es_ES\" \/>\n<meta property=\"og:type\" content=\"article\" \/>\n<meta property=\"og:title\" content=\"T\u00e9rminos y Condiciones | Log\u00edstica de terceros | Grupo del Condado de Cargo\" \/>\n<meta property=\"og:description\" content=\"Haga clic aqu\u00ed para leer los t\u00e9rminos y condiciones de Cargo County Group. O llame aqu\u00ed al 1-888-673-9601 para hablar con uno de nuestros representantes.\" \/>\n<meta property=\"og:url\" content=\"https:\/\/cargocounty.com\/es\/terminos-y-condiciones\/\" \/>\n<meta property=\"og:site_name\" content=\"Cargo County\" \/>\n<meta property=\"article:modified_time\" content=\"2022-12-25T20:10:30+00:00\" \/>\n<meta name=\"twitter:card\" content=\"summary_large_image\" \/>\n<script type=\"application\/ld+json\" class=\"yoast-schema-graph\">{\"@context\":\"https:\/\/schema.org\",\"@graph\":[{\"@type\":\"WebPage\",\"@id\":\"https:\/\/cargocounty.com\/es\/terminos-y-condiciones\/\",\"url\":\"https:\/\/cargocounty.com\/es\/terminos-y-condiciones\/\",\"name\":\"T\u00e9rminos y Condiciones | Log\u00edstica de terceros | Grupo del Condado de Cargo\",\"isPartOf\":{\"@id\":\"https:\/\/cargocounty.com\/es\/#website\"},\"datePublished\":\"2019-08-16T08:49:51+00:00\",\"dateModified\":\"2022-12-25T20:10:30+00:00\",\"description\":\"Haga clic aqu\u00ed para leer los t\u00e9rminos y condiciones de Cargo County Group. O llame aqu\u00ed al 1-888-673-9601 para hablar con uno de nuestros representantes.\",\"breadcrumb\":{\"@id\":\"https:\/\/cargocounty.com\/es\/terminos-y-condiciones\/#breadcrumb\"},\"inLanguage\":\"es\",\"potentialAction\":[{\"@type\":\"ReadAction\",\"target\":[\"https:\/\/cargocounty.com\/es\/terminos-y-condiciones\/\"]}]},{\"@type\":\"BreadcrumbList\",\"@id\":\"https:\/\/cargocounty.com\/es\/terminos-y-condiciones\/#breadcrumb\",\"itemListElement\":[{\"@type\":\"ListItem\",\"position\":1,\"name\":\"Home\",\"item\":\"https:\/\/cargocounty.com\/es\/hogar\/\"},{\"@type\":\"ListItem\",\"position\":2,\"name\":\"T\u00e9rminos y Condiciones\"}]},{\"@type\":\"WebSite\",\"@id\":\"https:\/\/cargocounty.com\/es\/#website\",\"url\":\"https:\/\/cargocounty.com\/es\/\",\"name\":\"Cargo County\",\"description\":\"Transporte potente y la mejor soluci\u00f3n log\u00edstica. Utilice solo los servicios de la m\u00e1s alta calidad que le facilitar\u00e1n la vida.\",\"potentialAction\":[{\"@type\":\"SearchAction\",\"target\":{\"@type\":\"EntryPoint\",\"urlTemplate\":\"https:\/\/cargocounty.com\/es\/?s={search_term_string}\"},\"query-input\":{\"@type\":\"PropertyValueSpecification\",\"valueRequired\":true,\"valueName\":\"search_term_string\"}}],\"inLanguage\":\"es\"}]}<\/script>\n<!-- \/ Yoast SEO plugin. -->","yoast_head_json":{"title":"T\u00e9rminos y Condiciones | Log\u00edstica de terceros | Grupo del Condado de Cargo","description":"Haga clic aqu\u00ed para leer los t\u00e9rminos y condiciones de Cargo County Group. O llame aqu\u00ed al 1-888-673-9601 para hablar con uno de nuestros representantes.","robots":{"index":"index","follow":"follow","max-snippet":"max-snippet:-1","max-image-preview":"max-image-preview:large","max-video-preview":"max-video-preview:-1"},"canonical":"https:\/\/cargocounty.com\/es\/terminos-y-condiciones\/","og_locale":"es_ES","og_type":"article","og_title":"T\u00e9rminos y Condiciones | Log\u00edstica de terceros | Grupo del Condado de Cargo","og_description":"Haga clic aqu\u00ed para leer los t\u00e9rminos y condiciones de Cargo County Group. O llame aqu\u00ed al 1-888-673-9601 para hablar con uno de nuestros representantes.","og_url":"https:\/\/cargocounty.com\/es\/terminos-y-condiciones\/","og_site_name":"Cargo County","article_modified_time":"2022-12-25T20:10:30+00:00","twitter_card":"summary_large_image","schema":{"@context":"https:\/\/schema.org","@graph":[{"@type":"WebPage","@id":"https:\/\/cargocounty.com\/es\/terminos-y-condiciones\/","url":"https:\/\/cargocounty.com\/es\/terminos-y-condiciones\/","name":"T\u00e9rminos y Condiciones | Log\u00edstica de terceros | Grupo del Condado de Cargo","isPartOf":{"@id":"https:\/\/cargocounty.com\/es\/#website"},"datePublished":"2019-08-16T08:49:51+00:00","dateModified":"2022-12-25T20:10:30+00:00","description":"Haga clic aqu\u00ed para leer los t\u00e9rminos y condiciones de Cargo County Group. O llame aqu\u00ed al 1-888-673-9601 para hablar con uno de nuestros representantes.","breadcrumb":{"@id":"https:\/\/cargocounty.com\/es\/terminos-y-condiciones\/#breadcrumb"},"inLanguage":"es","potentialAction":[{"@type":"ReadAction","target":["https:\/\/cargocounty.com\/es\/terminos-y-condiciones\/"]}]},{"@type":"BreadcrumbList","@id":"https:\/\/cargocounty.com\/es\/terminos-y-condiciones\/#breadcrumb","itemListElement":[{"@type":"ListItem","position":1,"name":"Home","item":"https:\/\/cargocounty.com\/es\/hogar\/"},{"@type":"ListItem","position":2,"name":"T\u00e9rminos y Condiciones"}]},{"@type":"WebSite","@id":"https:\/\/cargocounty.com\/es\/#website","url":"https:\/\/cargocounty.com\/es\/","name":"Cargo County","description":"Transporte potente y la mejor soluci\u00f3n log\u00edstica. Utilice solo los servicios de la m\u00e1s alta calidad que le facilitar\u00e1n la vida.","potentialAction":[{"@type":"SearchAction","target":{"@type":"EntryPoint","urlTemplate":"https:\/\/cargocounty.com\/es\/?s={search_term_string}"},"query-input":{"@type":"PropertyValueSpecification","valueRequired":true,"valueName":"search_term_string"}}],"inLanguage":"es"}]}},"_links":{"self":[{"href":"https:\/\/cargocounty.com\/es\/wp-json\/wp\/v2\/pages\/3595","targetHints":{"allow":["GET"]}}],"collection":[{"href":"https:\/\/cargocounty.com\/es\/wp-json\/wp\/v2\/pages"}],"about":[{"href":"https:\/\/cargocounty.com\/es\/wp-json\/wp\/v2\/types\/page"}],"author":[{"embeddable":true,"href":"https:\/\/cargocounty.com\/es\/wp-json\/wp\/v2\/users\/11"}],"replies":[{"embeddable":true,"href":"https:\/\/cargocounty.com\/es\/wp-json\/wp\/v2\/comments?post=3595"}],"version-history":[{"count":1,"href":"https:\/\/cargocounty.com\/es\/wp-json\/wp\/v2\/pages\/3595\/revisions"}],"predecessor-version":[{"id":3762,"href":"https:\/\/cargocounty.com\/es\/wp-json\/wp\/v2\/pages\/3595\/revisions\/3762"}],"wp:attachment":[{"href":"https:\/\/cargocounty.com\/es\/wp-json\/wp\/v2\/media?parent=3595"}],"curies":[{"name":"wp","href":"https:\/\/api.w.org\/{rel}","templated":true}]}}