{"id":3594,"date":"2019-08-16T11:48:50","date_gmt":"2019-08-16T08:48:50","guid":{"rendered":"https:\/\/cargocounty.com\/?page_id=3594"},"modified":"2022-12-25T23:10:24","modified_gmt":"2022-12-25T20:10:24","slug":"compania","status":"publish","type":"page","link":"https:\/\/cargocounty.com\/es\/compania\/","title":{"rendered":"Compa\u00f1\u00eda"},"content":{"rendered":"","protected":false},"excerpt":{"rendered":"","protected":false},"author":11,"featured_media":0,"parent":0,"menu_order":16,"comment_status":"closed","ping_status":"closed","template":"","meta":{"_acf_changed":false,"footnotes":""},"class_list":["post-3594","page","type-page","status-publish","hentry"],"acf":[],"yoast_head":"<!-- This site is optimized with the Yoast SEO plugin v26.1.1 - https:\/\/yoast.com\/wordpress\/plugins\/seo\/ -->\n<title>Acerca de Cargo County Group | Log\u00edstica de terceros en Am\u00e9rica del Norte<\/title>\n<meta name=\"description\" content=\"Cargo County ofrece una amplia gama de log\u00edstica de terceros en toda Am\u00e9rica del Norte para &quot;transportar sus necesidades&quot; de la manera m\u00e1s eficiente y efectiva.\" \/>\n<meta name=\"robots\" content=\"index, follow, max-snippet:-1, max-image-preview:large, max-video-preview:-1\" \/>\n<link rel=\"canonical\" href=\"https:\/\/cargocounty.com\/es\/compania\/\" \/>\n<meta property=\"og:locale\" content=\"es_ES\" \/>\n<meta property=\"og:type\" content=\"article\" \/>\n<meta property=\"og:title\" content=\"Acerca de Cargo County Group | Log\u00edstica de terceros en Am\u00e9rica del Norte\" \/>\n<meta property=\"og:description\" content=\"Cargo County ofrece una amplia gama de log\u00edstica de terceros en toda Am\u00e9rica del Norte para &quot;transportar sus necesidades&quot; de la manera m\u00e1s eficiente y efectiva.\" \/>\n<meta property=\"og:url\" content=\"https:\/\/cargocounty.com\/es\/compania\/\" \/>\n<meta property=\"og:site_name\" content=\"Cargo County\" \/>\n<meta property=\"article:modified_time\" content=\"2022-12-25T20:10:24+00:00\" \/>\n<meta name=\"twitter:card\" content=\"summary_large_image\" \/>\n<script type=\"application\/ld+json\" class=\"yoast-schema-graph\">{\"@context\":\"https:\/\/schema.org\",\"@graph\":[{\"@type\":\"WebPage\",\"@id\":\"https:\/\/cargocounty.com\/es\/compania\/\",\"url\":\"https:\/\/cargocounty.com\/es\/compania\/\",\"name\":\"Acerca de Cargo County Group | Log\u00edstica de terceros en Am\u00e9rica del Norte\",\"isPartOf\":{\"@id\":\"https:\/\/cargocounty.com\/es\/#website\"},\"datePublished\":\"2019-08-16T08:48:50+00:00\",\"dateModified\":\"2022-12-25T20:10:24+00:00\",\"description\":\"Cargo County ofrece una amplia gama de log\u00edstica de terceros en toda Am\u00e9rica del Norte para \\\"transportar sus necesidades\\\" de la manera m\u00e1s eficiente y efectiva.\",\"breadcrumb\":{\"@id\":\"https:\/\/cargocounty.com\/es\/compania\/#breadcrumb\"},\"inLanguage\":\"es\",\"potentialAction\":[{\"@type\":\"ReadAction\",\"target\":[\"https:\/\/cargocounty.com\/es\/compania\/\"]}]},{\"@type\":\"BreadcrumbList\",\"@id\":\"https:\/\/cargocounty.com\/es\/compania\/#breadcrumb\",\"itemListElement\":[{\"@type\":\"ListItem\",\"position\":1,\"name\":\"Home\",\"item\":\"https:\/\/cargocounty.com\/es\/hogar\/\"},{\"@type\":\"ListItem\",\"position\":2,\"name\":\"Compa\u00f1\u00eda\"}]},{\"@type\":\"WebSite\",\"@id\":\"https:\/\/cargocounty.com\/es\/#website\",\"url\":\"https:\/\/cargocounty.com\/es\/\",\"name\":\"Cargo County\",\"description\":\"Transporte potente y la mejor soluci\u00f3n log\u00edstica. Utilice solo los servicios de la m\u00e1s alta calidad que le facilitar\u00e1n la vida.\",\"potentialAction\":[{\"@type\":\"SearchAction\",\"target\":{\"@type\":\"EntryPoint\",\"urlTemplate\":\"https:\/\/cargocounty.com\/es\/?s={search_term_string}\"},\"query-input\":{\"@type\":\"PropertyValueSpecification\",\"valueRequired\":true,\"valueName\":\"search_term_string\"}}],\"inLanguage\":\"es\"}]}<\/script>\n<!-- \/ Yoast SEO plugin. -->","yoast_head_json":{"title":"Acerca de Cargo County Group | Log\u00edstica de terceros en Am\u00e9rica del Norte","description":"Cargo County ofrece una amplia gama de log\u00edstica de terceros en toda Am\u00e9rica del Norte para \"transportar sus necesidades\" de la manera m\u00e1s eficiente y efectiva.","robots":{"index":"index","follow":"follow","max-snippet":"max-snippet:-1","max-image-preview":"max-image-preview:large","max-video-preview":"max-video-preview:-1"},"canonical":"https:\/\/cargocounty.com\/es\/compania\/","og_locale":"es_ES","og_type":"article","og_title":"Acerca de Cargo County Group | Log\u00edstica de terceros en Am\u00e9rica del Norte","og_description":"Cargo County ofrece una amplia gama de log\u00edstica de terceros en toda Am\u00e9rica del Norte para \"transportar sus necesidades\" de la manera m\u00e1s eficiente y efectiva.","og_url":"https:\/\/cargocounty.com\/es\/compania\/","og_site_name":"Cargo County","article_modified_time":"2022-12-25T20:10:24+00:00","twitter_card":"summary_large_image","schema":{"@context":"https:\/\/schema.org","@graph":[{"@type":"WebPage","@id":"https:\/\/cargocounty.com\/es\/compania\/","url":"https:\/\/cargocounty.com\/es\/compania\/","name":"Acerca de Cargo County Group | Log\u00edstica de terceros en Am\u00e9rica del Norte","isPartOf":{"@id":"https:\/\/cargocounty.com\/es\/#website"},"datePublished":"2019-08-16T08:48:50+00:00","dateModified":"2022-12-25T20:10:24+00:00","description":"Cargo County ofrece una amplia gama de log\u00edstica de terceros en toda Am\u00e9rica del Norte para \"transportar sus necesidades\" de la manera m\u00e1s eficiente y efectiva.","breadcrumb":{"@id":"https:\/\/cargocounty.com\/es\/compania\/#breadcrumb"},"inLanguage":"es","potentialAction":[{"@type":"ReadAction","target":["https:\/\/cargocounty.com\/es\/compania\/"]}]},{"@type":"BreadcrumbList","@id":"https:\/\/cargocounty.com\/es\/compania\/#breadcrumb","itemListElement":[{"@type":"ListItem","position":1,"name":"Home","item":"https:\/\/cargocounty.com\/es\/hogar\/"},{"@type":"ListItem","position":2,"name":"Compa\u00f1\u00eda"}]},{"@type":"WebSite","@id":"https:\/\/cargocounty.com\/es\/#website","url":"https:\/\/cargocounty.com\/es\/","name":"Cargo County","description":"Transporte potente y la mejor soluci\u00f3n log\u00edstica. Utilice solo los servicios de la m\u00e1s alta calidad que le facilitar\u00e1n la vida.","potentialAction":[{"@type":"SearchAction","target":{"@type":"EntryPoint","urlTemplate":"https:\/\/cargocounty.com\/es\/?s={search_term_string}"},"query-input":{"@type":"PropertyValueSpecification","valueRequired":true,"valueName":"search_term_string"}}],"inLanguage":"es"}]}},"_links":{"self":[{"href":"https:\/\/cargocounty.com\/es\/wp-json\/wp\/v2\/pages\/3594","targetHints":{"allow":["GET"]}}],"collection":[{"href":"https:\/\/cargocounty.com\/es\/wp-json\/wp\/v2\/pages"}],"about":[{"href":"https:\/\/cargocounty.com\/es\/wp-json\/wp\/v2\/types\/page"}],"author":[{"embeddable":true,"href":"https:\/\/cargocounty.com\/es\/wp-json\/wp\/v2\/users\/11"}],"replies":[{"embeddable":true,"href":"https:\/\/cargocounty.com\/es\/wp-json\/wp\/v2\/comments?post=3594"}],"version-history":[{"count":1,"href":"https:\/\/cargocounty.com\/es\/wp-json\/wp\/v2\/pages\/3594\/revisions"}],"predecessor-version":[{"id":3761,"href":"https:\/\/cargocounty.com\/es\/wp-json\/wp\/v2\/pages\/3594\/revisions\/3761"}],"wp:attachment":[{"href":"https:\/\/cargocounty.com\/es\/wp-json\/wp\/v2\/media?parent=3594"}],"curies":[{"name":"wp","href":"https:\/\/api.w.org\/{rel}","templated":true}]}}